{"id":194,"date":"2023-12-20T12:01:19","date_gmt":"2023-12-20T12:01:19","guid":{"rendered":"https:\/\/annot.victoriahohmann.de\/?page_id=194"},"modified":"2023-12-20T22:27:13","modified_gmt":"2023-12-20T22:27:13","slug":"blog","status":"publish","type":"page","link":"https:\/\/annot.victoriahohmann.de\/?page_id=194","title":{"rendered":"Blog"},"content":{"rendered":"\n<div class=\"wp-block-group has-global-padding is-layout-constrained wp-block-group-is-layout-constrained\">\n<div class=\"wp-block-query alignwide is-layout-flow wp-block-query-is-layout-flow\">\n<div class=\"wp-block-group alignfull is-layout-flow wp-block-group-is-layout-flow\" style=\"padding-top:var(--wp--preset--spacing--40);padding-right:var(--wp--preset--spacing--40);padding-bottom:var(--wp--preset--spacing--40);padding-left:var(--wp--preset--spacing--40)\"><ul style=\"text-transform:none;\" class=\"wp-block-post-template is-layout-flow wp-container-core-post-template-is-layout-6b084be1 wp-block-post-template-is-layout-flow\"><li class=\"wp-block-post post-270 post type-post status-publish format-standard hentry category-uncategorized\">\n\n<div class=\"wp-block-group has-global-padding is-content-justification-left is-layout-constrained wp-container-core-group-is-layout-177c594d wp-block-group-is-layout-constrained\">\n<div class=\"wp-block-group is-vertical is-layout-flex wp-container-core-group-is-layout-cedeea28 wp-block-group-is-layout-flex\" style=\"padding-bottom:var(--wp--preset--spacing--80)\"><div style=\"font-size:clamp(0.875rem, 0.875rem + ((1vw - 0.2rem) * 0.042), 0.9rem);letter-spacing:1px; margin-top:0;margin-right:0;margin-bottom:0;margin-left:0;\" class=\"has-text-align-left has-link-color wp-elements-6391c9b47fd6053ea09748217032ee83 wp-block-post-date has-text-color has-contrast-color\"><time datetime=\"2024-05-29T12:31:51+00:00\">29. Mai 2024<\/time><\/div>\n\n\n<div class=\"wp-block-group has-global-padding is-layout-constrained wp-block-group-is-layout-constrained\" style=\"margin-top:0;margin-bottom:0\"><h2 style=\"font-size:clamp(2.46rem, 2.46rem + ((1vw - 0.2rem) * 3.567), 4.6rem);font-style:normal;font-weight:600;line-height:1;\" class=\"has-link-color wp-elements-6c63676d444148112043a3d23d59cf70 wp-block-post-title has-text-color has-contrast-color\"><a href=\"https:\/\/annot.victoriahohmann.de\/?p=270\" target=\"_self\" >&#8222;Das Gesicht der selbst\u00e4ndigen Frau&#8220; &#8211; Annot Jacobi im Berliner Kunstbetrieb der sp\u00e4ten WR bis in die Zeit des NS-Regimes<\/a><\/h2>\n\n\n\n<div style=\"line-height:1.7;\" class=\"wp-block-post-excerpt has-medium-font-size\"><p class=\"wp-block-post-excerpt__excerpt\">2016 habe ich, mit Mitte 30 als nochmal sp\u00e4t Studierende, meine Masterarbeit mit diesem Titel verfasst. Erstgutachterin war Dr. Meike Hoffmann, Zweitgutachterin Dr. phil. Miriam-Esther Owesle. Die Arbeit habe ich als Open Source freigegeben, sie steht auf der Seite der DNB als PDF zum Download zu Verf\u00fcgung. Bitte nennen Sie bei Nutzung die Quelle: https:\/\/d-nb.info\/1231347341\/34<\/p><p class=\"wp-block-post-excerpt__more-text\"><a class=\"wp-block-post-excerpt__more-link\" href=\"https:\/\/annot.victoriahohmann.de\/?p=270\"><strong>Weiterlesen<\/strong><\/a><\/p><\/div><\/div>\n<\/div>\n<\/div>\n\n\n\n<hr class=\"wp-block-separator has-alpha-channel-opacity\" style=\"margin-top:var(--wp--preset--spacing--40);margin-bottom:var(--wp--preset--spacing--40)\"\/>\n\n<\/li><li class=\"wp-block-post post-265 post type-post status-publish format-standard has-post-thumbnail hentry category-uncategorized\">\n\n<div class=\"wp-block-group has-global-padding is-content-justification-left is-layout-constrained wp-container-core-group-is-layout-177c594d wp-block-group-is-layout-constrained\">\n<div class=\"wp-block-group is-vertical is-layout-flex wp-container-core-group-is-layout-cedeea28 wp-block-group-is-layout-flex\" style=\"padding-bottom:var(--wp--preset--spacing--80)\"><div style=\"font-size:clamp(0.875rem, 0.875rem + ((1vw - 0.2rem) * 0.042), 0.9rem);letter-spacing:1px; margin-top:0;margin-right:0;margin-bottom:0;margin-left:0;\" class=\"has-text-align-left has-link-color wp-elements-6391c9b47fd6053ea09748217032ee83 wp-block-post-date has-text-color has-contrast-color\"><time datetime=\"2024-02-26T13:14:19+00:00\">26. Februar 2024<\/time><\/div>\n\n\n<div class=\"wp-block-group has-global-padding is-layout-constrained wp-block-group-is-layout-constrained\" style=\"margin-top:0;margin-bottom:0\"><h2 style=\"font-size:clamp(2.46rem, 2.46rem + ((1vw - 0.2rem) * 3.567), 4.6rem);font-style:normal;font-weight:600;line-height:1;\" class=\"has-link-color wp-elements-6c63676d444148112043a3d23d59cf70 wp-block-post-title has-text-color has-contrast-color\"><a href=\"https:\/\/annot.victoriahohmann.de\/?p=265\" target=\"_self\" >Vortrag im K\u00e4the Kollwitz Museum Berlin<\/a><\/h2>\n\n<figure style=\"aspect-ratio:16\/9; padding-top:var(--wp--preset--spacing--20);padding-bottom:var(--wp--preset--spacing--20);\" class=\"wp-block-post-featured-image\"><a href=\"https:\/\/annot.victoriahohmann.de\/?p=265\" target=\"_self\"  ><img loading=\"lazy\" decoding=\"async\" width=\"989\" height=\"952\" src=\"https:\/\/annot.victoriahohmann.de\/wp-content\/uploads\/2024\/02\/Annot_Frauenakt_Vorankuendigung_Kollwitzmuseum.jpg\" class=\"attachment-post-thumbnail size-post-thumbnail wp-post-image\" alt=\"Vortrag im K\u00e4the Kollwitz Museum Berlin\" style=\"width:100%;height:100%;object-fit:cover;\" srcset=\"https:\/\/annot.victoriahohmann.de\/wp-content\/uploads\/2024\/02\/Annot_Frauenakt_Vorankuendigung_Kollwitzmuseum.jpg 989w, https:\/\/annot.victoriahohmann.de\/wp-content\/uploads\/2024\/02\/Annot_Frauenakt_Vorankuendigung_Kollwitzmuseum-300x289.jpg 300w, https:\/\/annot.victoriahohmann.de\/wp-content\/uploads\/2024\/02\/Annot_Frauenakt_Vorankuendigung_Kollwitzmuseum-768x739.jpg 768w\" sizes=\"auto, (max-width: 989px) 100vw, 989px\" \/><\/a><\/figure>\n\n<div style=\"line-height:1.7;\" class=\"wp-block-post-excerpt has-medium-font-size\"><p class=\"wp-block-post-excerpt__excerpt\">Herzliche Einladung zum Vortrag \u00fcber Annot Jacobi im K\u00e4the Kollwitz Museum Berlin am 24.Juni um 20 Uhr. \u201eEs gab ja damals keine Akademie, wo Frauen zugelassen wurden\u201cAnnot Jacobi \u2013 Malerin und Friedens\u00adaktivistin Kunst\u00adhistorikerin Victoria Hohmann-Vierheller&nbsp;stellt Leben und Werk von Annot Jacobi (1894-1981) vor. Adolph Menzels Nichte Jacobi war Mit\u00adglied der Berliner Secession, des Vereins der<\/p><p class=\"wp-block-post-excerpt__more-text\"><a class=\"wp-block-post-excerpt__more-link\" href=\"https:\/\/annot.victoriahohmann.de\/?p=265\"><strong>Weiterlesen<\/strong><\/a><\/p><\/div><\/div>\n<\/div>\n<\/div>\n\n\n\n<hr class=\"wp-block-separator has-alpha-channel-opacity\" style=\"margin-top:var(--wp--preset--spacing--40);margin-bottom:var(--wp--preset--spacing--40)\"\/>\n\n<\/li><li class=\"wp-block-post post-170 post type-post status-publish format-standard has-post-thumbnail hentry category-uncategorized\">\n\n<div class=\"wp-block-group has-global-padding is-content-justification-left is-layout-constrained wp-container-core-group-is-layout-177c594d wp-block-group-is-layout-constrained\">\n<div class=\"wp-block-group is-vertical is-layout-flex wp-container-core-group-is-layout-cedeea28 wp-block-group-is-layout-flex\" style=\"padding-bottom:var(--wp--preset--spacing--80)\"><div style=\"font-size:clamp(0.875rem, 0.875rem + ((1vw - 0.2rem) * 0.042), 0.9rem);letter-spacing:1px; margin-top:0;margin-right:0;margin-bottom:0;margin-left:0;\" class=\"has-text-align-left has-link-color wp-elements-6391c9b47fd6053ea09748217032ee83 wp-block-post-date has-text-color has-contrast-color\"><time datetime=\"2023-12-19T13:48:32+00:00\">19. Dezember 2023<\/time><\/div>\n\n\n<div class=\"wp-block-group has-global-padding is-layout-constrained wp-block-group-is-layout-constrained\" style=\"margin-top:0;margin-bottom:0\"><h2 style=\"font-size:clamp(2.46rem, 2.46rem + ((1vw - 0.2rem) * 3.567), 4.6rem);font-style:normal;font-weight:600;line-height:1;\" class=\"has-link-color wp-elements-6c63676d444148112043a3d23d59cf70 wp-block-post-title has-text-color has-contrast-color\"><a href=\"https:\/\/annot.victoriahohmann.de\/?p=170\" target=\"_self\" >Von der Havel nach Long Island &#8211; ein Vortrag \u00fcber Annot Jacobi im Guthaus Neukladow, Nov. 2022<\/a><\/h2>\n\n<figure style=\"aspect-ratio:16\/9; padding-top:var(--wp--preset--spacing--20);padding-bottom:var(--wp--preset--spacing--20);\" class=\"wp-block-post-featured-image\"><a href=\"https:\/\/annot.victoriahohmann.de\/?p=170\" target=\"_self\"  ><img loading=\"lazy\" decoding=\"async\" width=\"1587\" height=\"2245\" src=\"https:\/\/annot.victoriahohmann.de\/wp-content\/uploads\/2023\/12\/annot-vortrag.png\" class=\"attachment-post-thumbnail size-post-thumbnail wp-post-image\" alt=\"Von der Havel nach Long Island &#8211; ein Vortrag \u00fcber Annot Jacobi im Guthaus Neukladow, Nov. 2022\" style=\"width:100%;height:100%;object-fit:cover;\" srcset=\"https:\/\/annot.victoriahohmann.de\/wp-content\/uploads\/2023\/12\/annot-vortrag.png 1587w, https:\/\/annot.victoriahohmann.de\/wp-content\/uploads\/2023\/12\/annot-vortrag-212x300.png 212w, https:\/\/annot.victoriahohmann.de\/wp-content\/uploads\/2023\/12\/annot-vortrag-724x1024.png 724w, https:\/\/annot.victoriahohmann.de\/wp-content\/uploads\/2023\/12\/annot-vortrag-768x1086.png 768w, https:\/\/annot.victoriahohmann.de\/wp-content\/uploads\/2023\/12\/annot-vortrag-1086x1536.png 1086w, https:\/\/annot.victoriahohmann.de\/wp-content\/uploads\/2023\/12\/annot-vortrag-1448x2048.png 1448w\" sizes=\"auto, (max-width: 1587px) 100vw, 1587px\" \/><\/a><\/figure>\n\n<div style=\"line-height:1.7;\" class=\"wp-block-post-excerpt has-medium-font-size\"><p class=\"wp-block-post-excerpt__excerpt\">Am 20.November 2022 fand im Rahmen der Guthmann Akademie auf Einladung von Dr. phil. Miriam Esther Owesle mein Vortrag \u00fcber Annot Jacobi statt. Die trotz K\u00e4lte erschienenen Zuh\u00f6rer:innen waren \u00fcberrascht, dass Annot noch keinem gr\u00f6\u00dferen Publikum bekannt ist. Das passiert beim Berichten \u00fcber Annot immer wieder. Niemand, der von ihr erf\u00e4hrt, versteht, warum diese mutige,<\/p><p class=\"wp-block-post-excerpt__more-text\"><a class=\"wp-block-post-excerpt__more-link\" href=\"https:\/\/annot.victoriahohmann.de\/?p=170\"><strong>Weiterlesen<\/strong><\/a><\/p><\/div><\/div>\n<\/div>\n<\/div>\n\n\n\n<hr class=\"wp-block-separator has-alpha-channel-opacity\" style=\"margin-top:var(--wp--preset--spacing--40);margin-bottom:var(--wp--preset--spacing--40)\"\/>\n\n<\/li><li class=\"wp-block-post post-168 post type-post status-publish format-standard hentry category-uncategorized\">\n\n<div class=\"wp-block-group has-global-padding is-content-justification-left is-layout-constrained wp-container-core-group-is-layout-177c594d wp-block-group-is-layout-constrained\">\n<div class=\"wp-block-group is-vertical is-layout-flex wp-container-core-group-is-layout-cedeea28 wp-block-group-is-layout-flex\" style=\"padding-bottom:var(--wp--preset--spacing--80)\"><div style=\"font-size:clamp(0.875rem, 0.875rem + ((1vw - 0.2rem) * 0.042), 0.9rem);letter-spacing:1px; margin-top:0;margin-right:0;margin-bottom:0;margin-left:0;\" class=\"has-text-align-left has-link-color wp-elements-6391c9b47fd6053ea09748217032ee83 wp-block-post-date has-text-color has-contrast-color\"><time datetime=\"2023-12-19T13:42:07+00:00\">19. Dezember 2023<\/time><\/div>\n\n\n<div class=\"wp-block-group has-global-padding is-layout-constrained wp-block-group-is-layout-constrained\" style=\"margin-top:0;margin-bottom:0\"><h2 style=\"font-size:clamp(2.46rem, 2.46rem + ((1vw - 0.2rem) * 3.567), 4.6rem);font-style:normal;font-weight:600;line-height:1;\" class=\"has-link-color wp-elements-6c63676d444148112043a3d23d59cf70 wp-block-post-title has-text-color has-contrast-color\"><a href=\"https:\/\/annot.victoriahohmann.de\/?p=168\" target=\"_self\" >Der Brandbrief an die Berliner Secession 1933.<\/a><\/h2>\n\n\n\n<div style=\"line-height:1.7;\" class=\"wp-block-post-excerpt has-medium-font-size\"><p class=\"wp-block-post-excerpt__excerpt\">Das entschiedene Handeln Annots im Zuge der Macht\u00fcbernahme durch das NS-Regime 1933 zeigt ihren starken Charakter. Mich hat Annots resolute Art, ihr kompromissloser Einsatz f\u00fcr Frieden, Gerechtigkeit, Freiheit, eine bessere Welt auf Anhieb begeistert. Eine Motivation Annots 1933 so entschieden zu handeln, war die Angst, ihre an Riesenwuchs leidende Tochter Stella k\u00f6nne ein Euthanasie-Opfer werden.<\/p><p class=\"wp-block-post-excerpt__more-text\"><a class=\"wp-block-post-excerpt__more-link\" href=\"https:\/\/annot.victoriahohmann.de\/?p=168\"><strong>Weiterlesen<\/strong><\/a><\/p><\/div><\/div>\n<\/div>\n<\/div>\n\n\n\n<hr class=\"wp-block-separator has-alpha-channel-opacity\" style=\"margin-top:var(--wp--preset--spacing--40);margin-bottom:var(--wp--preset--spacing--40)\"\/>\n\n<\/li><li class=\"wp-block-post post-83 post type-post status-publish format-standard has-post-thumbnail hentry category-uncategorized\">\n\n<div class=\"wp-block-group has-global-padding is-content-justification-left is-layout-constrained wp-container-core-group-is-layout-177c594d wp-block-group-is-layout-constrained\">\n<div class=\"wp-block-group is-vertical is-layout-flex wp-container-core-group-is-layout-cedeea28 wp-block-group-is-layout-flex\" style=\"padding-bottom:var(--wp--preset--spacing--80)\"><div style=\"font-size:clamp(0.875rem, 0.875rem + ((1vw - 0.2rem) * 0.042), 0.9rem);letter-spacing:1px; margin-top:0;margin-right:0;margin-bottom:0;margin-left:0;\" class=\"has-text-align-left has-link-color wp-elements-6391c9b47fd6053ea09748217032ee83 wp-block-post-date has-text-color has-contrast-color\"><time datetime=\"2023-12-15T13:27:48+00:00\">15. Dezember 2023<\/time><\/div>\n\n\n<div class=\"wp-block-group has-global-padding is-layout-constrained wp-block-group-is-layout-constrained\" style=\"margin-top:0;margin-bottom:0\"><h2 style=\"font-size:clamp(2.46rem, 2.46rem + ((1vw - 0.2rem) * 3.567), 4.6rem);font-style:normal;font-weight:600;line-height:1;\" class=\"has-link-color wp-elements-6c63676d444148112043a3d23d59cf70 wp-block-post-title has-text-color has-contrast-color\"><a href=\"https:\/\/annot.victoriahohmann.de\/?p=83\" target=\"_self\" >Annot &#8211; eine Kurzbiographie<\/a><\/h2>\n\n<figure style=\"aspect-ratio:16\/9; padding-top:var(--wp--preset--spacing--20);padding-bottom:var(--wp--preset--spacing--20);\" class=\"wp-block-post-featured-image\"><a href=\"https:\/\/annot.victoriahohmann.de\/?p=83\" target=\"_self\"  ><img loading=\"lazy\" decoding=\"async\" width=\"490\" height=\"481\" src=\"https:\/\/annot.victoriahohmann.de\/wp-content\/uploads\/2023\/12\/Annot-USA.jpg\" class=\"attachment-post-thumbnail size-post-thumbnail wp-post-image\" alt=\"Annot &#8211; eine Kurzbiographie\" style=\"width:100%;height:100%;object-fit:cover;\" srcset=\"https:\/\/annot.victoriahohmann.de\/wp-content\/uploads\/2023\/12\/Annot-USA.jpg 490w, https:\/\/annot.victoriahohmann.de\/wp-content\/uploads\/2023\/12\/Annot-USA-300x294.jpg 300w\" sizes=\"auto, (max-width: 490px) 100vw, 490px\" \/><\/a><\/figure>\n\n<div style=\"line-height:1.7;\" class=\"wp-block-post-excerpt has-medium-font-size\"><p class=\"wp-block-post-excerpt__excerpt\">27. Dezember 1894 als Anna Ottonie Krigar-Menzel in Berlin geboren Familie. Eltern: Mutter Jacoba Nicoline Krigar-Menzel, Geborene Elling (30.04.1865 \u2013 1955) ist S\u00e4ngerin und stammt aus Oslo, ihr Vater ist Richard Friedrich Otto Krigar-Menzel (1861 \u2013 27.10.1929) Professor f\u00fcr theoretische Physik an der Technischen Universit\u00e4t. Annot hat eine Schwester: Eva Ingrid Emilie Pauline Verheiratete Brebeck,<\/p><p class=\"wp-block-post-excerpt__more-text\"><a class=\"wp-block-post-excerpt__more-link\" href=\"https:\/\/annot.victoriahohmann.de\/?p=83\"><strong>Weiterlesen<\/strong><\/a><\/p><\/div><\/div>\n<\/div>\n<\/div>\n\n\n\n<hr class=\"wp-block-separator has-alpha-channel-opacity\" style=\"margin-top:var(--wp--preset--spacing--40);margin-bottom:var(--wp--preset--spacing--40)\"\/>\n\n<\/li><\/ul><\/div>\n\n\n\n<div class=\"wp-block-group has-global-padding is-content-justification-left is-layout-constrained wp-container-core-group-is-layout-9821ac42 wp-block-group-is-layout-constrained\" style=\"margin-top:0;margin-bottom:0;padding-top:0;padding-right:var(--wp--preset--spacing--40);padding-bottom:var(--wp--preset--spacing--40);padding-left:var(--wp--preset--spacing--40)\"><\/div>\n<\/div>\n<\/div>\n","protected":false},"excerpt":{"rendered":"","protected":false},"author":2,"featured_media":0,"parent":0,"menu_order":0,"comment_status":"closed","ping_status":"closed","template":"page-no-title","meta":{"footnotes":""},"class_list":["post-194","page","type-page","status-publish","hentry"],"_links":{"self":[{"href":"https:\/\/annot.victoriahohmann.de\/index.php?rest_route=\/wp\/v2\/pages\/194","targetHints":{"allow":["GET"]}}],"collection":[{"href":"https:\/\/annot.victoriahohmann.de\/index.php?rest_route=\/wp\/v2\/pages"}],"about":[{"href":"https:\/\/annot.victoriahohmann.de\/index.php?rest_route=\/wp\/v2\/types\/page"}],"author":[{"embeddable":true,"href":"https:\/\/annot.victoriahohmann.de\/index.php?rest_route=\/wp\/v2\/users\/2"}],"replies":[{"embeddable":true,"href":"https:\/\/annot.victoriahohmann.de\/index.php?rest_route=%2Fwp%2Fv2%2Fcomments&post=194"}],"version-history":[{"count":10,"href":"https:\/\/annot.victoriahohmann.de\/index.php?rest_route=\/wp\/v2\/pages\/194\/revisions"}],"predecessor-version":[{"id":220,"href":"https:\/\/annot.victoriahohmann.de\/index.php?rest_route=\/wp\/v2\/pages\/194\/revisions\/220"}],"wp:attachment":[{"href":"https:\/\/annot.victoriahohmann.de\/index.php?rest_route=%2Fwp%2Fv2%2Fmedia&parent=194"}],"curies":[{"name":"wp","href":"https:\/\/api.w.org\/{rel}","templated":true}]}}